{"id":727,"date":"2019-07-01T08:26:49","date_gmt":"2019-07-01T06:26:49","guid":{"rendered":"https:\/\/welcome-zermatt.ch\/impressum\/"},"modified":"2023-09-06T11:28:16","modified_gmt":"2023-09-06T09:28:16","slug":"impressum","status":"publish","type":"page","link":"https:\/\/welcome-zermatt.ch\/fr\/impressum\/","title":{"rendered":"Impressum"},"content":{"rendered":"<div id='av_section_1'  class='avia-section av-kbufyxg1-1417703ff5d5b3916afa4e9d8192f44d main_color avia-section-default avia-shadow  avia-builder-el-0  avia-builder-el-no-sibling  avia-bg-style-scroll container_wrap fullsize'  ><div class='container av-section-cont-open' ><main  role=\"main\" itemprop=\"mainContentOfPage\"  class='template-page content  av-content-full alpha units'><div class='post-entry post-entry-type-page post-entry-727'><div class='entry-content-wrapper clearfix'>\n\n<style type=\"text\/css\" data-created_by=\"avia_inline_auto\" id=\"style-css-av-s8wx-7bb5325295e7127a38cf90136bf86c81\">\n.flex_column.av-s8wx-7bb5325295e7127a38cf90136bf86c81{\nborder-radius:0px 0px 0px 0px;\npadding:0px 0px 0px 0px;\n}\n<\/style>\n<div  class='flex_column av-s8wx-7bb5325295e7127a38cf90136bf86c81 av_two_third  avia-builder-el-1  avia-builder-el-no-sibling  first flex_column_div av-zero-column-padding  '     ><section  class='av_textblock_section av-jxk4dcrp-37cb95c192c1a6712a95ad877028bf7a '   itemscope=\"itemscope\" itemtype=\"https:\/\/schema.org\/CreativeWork\" ><div class='avia_textblock'  itemprop=\"text\" ><h1>Impressum<\/h1>\n<p><b>Verantwortliche Instanz:<\/b><br \/>\nFamilie Beat Summermatter<br \/>\nRiedstrasse 4<br \/>\n3920 Zermatt<br \/>\nSchweiz<br \/>\n<strong>E-Mail<\/strong>: i&#110;&#102;&#x6f;&#x40;&#x77;el&#99;&#111;&#x6d;&#x65;&#x2d;z&#101;&#114;&#109;&#x61;&#x74;&#x74;&#46;&#99;&#104;<\/p>\n<p><strong><i>Vertretungsberechtigte Person(en)<\/i><\/strong><\/p>\n<p>Beat Summermatter<\/p>\n<p><strong>Haftungsausschluss<\/strong><br \/>\nDer Autor \u00fcbernimmt keine Gew\u00e4hr f\u00fcr die Richtigkeit, Genauigkeit, Aktualit\u00e4t, Zuverl\u00e4ssigkeit und Vollst\u00e4ndigkeit der Informationen.<br \/>\nHaftungsanspr\u00fcche gegen den Autor wegen Sch\u00e4den materieller oder immaterieller Art, die aus dem Zugriff oder der Nutzung bzw. Nichtnutzung der ver\u00f6ffentlichten Informationen, durch Missbrauch der Verbindung oder durch technische St\u00f6rungen entstanden sind, werden ausgeschlossen.<\/p>\n<p>Alle Angebote sind freibleibend. Der Autor beh\u00e4lt es sich ausdr\u00fccklich vor, Teile der Seiten oder das gesamte Angebot ohne gesonderte Ank\u00fcndigung zu ver\u00e4ndern, zu erg\u00e4nzen, zu l\u00f6schen oder die Ver\u00f6ffentlichung zeitweise oder endg\u00fcltig einzustellen.<\/p>\n<p><strong>Haftungsausschluss f\u00fcr Inhalte und Links<\/strong><br \/>\nVerweise und Links auf Webseiten Dritter liegen ausserhalb unseres Verantwortungsbereichs. Es wird jegliche Verantwortung f\u00fcr solche Webseiten abgelehnt. Der Zugriff und die Nutzung solcher Webseiten erfolgen auf eigene Gefahr des jeweiligen Nutzers.<\/p>\n<p><strong>Urheberrechtserkl\u00e4rung<\/strong><br \/>\nDie Urheber- und alle anderen Rechte an Inhalten, Bildern, Fotos oder anderen Dateien auf dieser Website, geh\u00f6ren ausschliesslich Beat Summermatter oder den speziell genannten Rechteinhabern. F\u00fcr die Reproduktion jeglicher Elemente ist die schriftliche Zustimmung des Urheberrechtstr\u00e4gers im Voraus einzuholen.<\/p>\n<p><strong>Quelle<\/strong>:\u00a0<a href=\"https:\/\/brainbox.swiss\/\" rel=\"nofollow\">BrainBox Solutions<\/a><\/p>\n<\/div><\/section><\/div>\n","protected":false},"excerpt":{"rendered":"","protected":false},"author":3,"featured_media":0,"parent":0,"menu_order":0,"comment_status":"closed","ping_status":"closed","template":"","meta":{"footnotes":""},"class_list":["post-727","page","type-page","status-publish","hentry"],"yoast_head":"<!-- This site is optimized with the Yoast SEO plugin v27.3 - https:\/\/yoast.com\/product\/yoast-seo-wordpress\/ -->\n<title>Impressum - Ferienwohnung in Zermatt<\/title>\n<meta name=\"robots\" content=\"index, follow, max-snippet:-1, max-image-preview:large, max-video-preview:-1\" \/>\n<link rel=\"canonical\" href=\"https:\/\/welcome-zermatt.ch\/fr\/impressum\/\" \/>\n<meta property=\"og:locale\" content=\"fr_FR\" \/>\n<meta property=\"og:type\" content=\"article\" \/>\n<meta property=\"og:title\" content=\"Impressum - Ferienwohnung in Zermatt\" \/>\n<meta property=\"og:url\" content=\"https:\/\/welcome-zermatt.ch\/fr\/impressum\/\" \/>\n<meta property=\"og:site_name\" content=\"Ferienwohnung in Zermatt\" \/>\n<meta property=\"article:modified_time\" content=\"2023-09-06T09:28:16+00:00\" \/>\n<meta name=\"twitter:card\" content=\"summary_large_image\" \/>\n<meta name=\"twitter:label1\" content=\"Dur\u00e9e de lecture estim\u00e9e\" \/>\n\t<meta name=\"twitter:data1\" content=\"3 minutes\" \/>\n<script type=\"application\/ld+json\" class=\"yoast-schema-graph\">{\"@context\":\"https:\\\/\\\/schema.org\",\"@graph\":[{\"@type\":\"WebPage\",\"@id\":\"https:\\\/\\\/welcome-zermatt.ch\\\/fr\\\/impressum\\\/\",\"url\":\"https:\\\/\\\/welcome-zermatt.ch\\\/fr\\\/impressum\\\/\",\"name\":\"Impressum - Ferienwohnung in Zermatt\",\"isPartOf\":{\"@id\":\"https:\\\/\\\/welcome-zermatt.ch\\\/fr\\\/#website\"},\"datePublished\":\"2019-07-01T06:26:49+00:00\",\"dateModified\":\"2023-09-06T09:28:16+00:00\",\"breadcrumb\":{\"@id\":\"https:\\\/\\\/welcome-zermatt.ch\\\/fr\\\/impressum\\\/#breadcrumb\"},\"inLanguage\":\"fr-FR\",\"potentialAction\":[{\"@type\":\"ReadAction\",\"target\":[\"https:\\\/\\\/welcome-zermatt.ch\\\/fr\\\/impressum\\\/\"]}]},{\"@type\":\"BreadcrumbList\",\"@id\":\"https:\\\/\\\/welcome-zermatt.ch\\\/fr\\\/impressum\\\/#breadcrumb\",\"itemListElement\":[{\"@type\":\"ListItem\",\"position\":1,\"name\":\"Startseite\",\"item\":\"https:\\\/\\\/welcome-zermatt.ch\\\/fr\\\/home\\\/\"},{\"@type\":\"ListItem\",\"position\":2,\"name\":\"Impressum\"}]},{\"@type\":\"WebSite\",\"@id\":\"https:\\\/\\\/welcome-zermatt.ch\\\/fr\\\/#website\",\"url\":\"https:\\\/\\\/welcome-zermatt.ch\\\/fr\\\/\",\"name\":\"Ferienwohnung in Zermatt\",\"description\":\"\",\"publisher\":{\"@id\":\"https:\\\/\\\/welcome-zermatt.ch\\\/fr\\\/#organization\"},\"potentialAction\":[{\"@type\":\"SearchAction\",\"target\":{\"@type\":\"EntryPoint\",\"urlTemplate\":\"https:\\\/\\\/welcome-zermatt.ch\\\/fr\\\/?s={search_term_string}\"},\"query-input\":{\"@type\":\"PropertyValueSpecification\",\"valueRequired\":true,\"valueName\":\"search_term_string\"}}],\"inLanguage\":\"fr-FR\"},{\"@type\":\"Organization\",\"@id\":\"https:\\\/\\\/welcome-zermatt.ch\\\/fr\\\/#organization\",\"name\":\"Ferienwohnung in Zermatt\",\"url\":\"https:\\\/\\\/welcome-zermatt.ch\\\/fr\\\/\",\"logo\":{\"@type\":\"ImageObject\",\"inLanguage\":\"fr-FR\",\"@id\":\"https:\\\/\\\/welcome-zermatt.ch\\\/fr\\\/#\\\/schema\\\/logo\\\/image\\\/\",\"url\":\"https:\\\/\\\/welcome-zermatt.ch\\\/wp-content\\\/uploads\\\/2023\\\/05\\\/logo.png\",\"contentUrl\":\"https:\\\/\\\/welcome-zermatt.ch\\\/wp-content\\\/uploads\\\/2023\\\/05\\\/logo.png\",\"width\":600,\"height\":130,\"caption\":\"Ferienwohnung in Zermatt\"},\"image\":{\"@id\":\"https:\\\/\\\/welcome-zermatt.ch\\\/fr\\\/#\\\/schema\\\/logo\\\/image\\\/\"}}]}<\/script>\n<!-- \/ Yoast SEO plugin. -->","yoast_head_json":{"title":"Impressum - Ferienwohnung in Zermatt","robots":{"index":"index","follow":"follow","max-snippet":"max-snippet:-1","max-image-preview":"max-image-preview:large","max-video-preview":"max-video-preview:-1"},"canonical":"https:\/\/welcome-zermatt.ch\/fr\/impressum\/","og_locale":"fr_FR","og_type":"article","og_title":"Impressum - Ferienwohnung in Zermatt","og_url":"https:\/\/welcome-zermatt.ch\/fr\/impressum\/","og_site_name":"Ferienwohnung in Zermatt","article_modified_time":"2023-09-06T09:28:16+00:00","twitter_card":"summary_large_image","twitter_misc":{"Dur\u00e9e de lecture estim\u00e9e":"3 minutes"},"schema":{"@context":"https:\/\/schema.org","@graph":[{"@type":"WebPage","@id":"https:\/\/welcome-zermatt.ch\/fr\/impressum\/","url":"https:\/\/welcome-zermatt.ch\/fr\/impressum\/","name":"Impressum - Ferienwohnung in Zermatt","isPartOf":{"@id":"https:\/\/welcome-zermatt.ch\/fr\/#website"},"datePublished":"2019-07-01T06:26:49+00:00","dateModified":"2023-09-06T09:28:16+00:00","breadcrumb":{"@id":"https:\/\/welcome-zermatt.ch\/fr\/impressum\/#breadcrumb"},"inLanguage":"fr-FR","potentialAction":[{"@type":"ReadAction","target":["https:\/\/welcome-zermatt.ch\/fr\/impressum\/"]}]},{"@type":"BreadcrumbList","@id":"https:\/\/welcome-zermatt.ch\/fr\/impressum\/#breadcrumb","itemListElement":[{"@type":"ListItem","position":1,"name":"Startseite","item":"https:\/\/welcome-zermatt.ch\/fr\/home\/"},{"@type":"ListItem","position":2,"name":"Impressum"}]},{"@type":"WebSite","@id":"https:\/\/welcome-zermatt.ch\/fr\/#website","url":"https:\/\/welcome-zermatt.ch\/fr\/","name":"Ferienwohnung in Zermatt","description":"","publisher":{"@id":"https:\/\/welcome-zermatt.ch\/fr\/#organization"},"potentialAction":[{"@type":"SearchAction","target":{"@type":"EntryPoint","urlTemplate":"https:\/\/welcome-zermatt.ch\/fr\/?s={search_term_string}"},"query-input":{"@type":"PropertyValueSpecification","valueRequired":true,"valueName":"search_term_string"}}],"inLanguage":"fr-FR"},{"@type":"Organization","@id":"https:\/\/welcome-zermatt.ch\/fr\/#organization","name":"Ferienwohnung in Zermatt","url":"https:\/\/welcome-zermatt.ch\/fr\/","logo":{"@type":"ImageObject","inLanguage":"fr-FR","@id":"https:\/\/welcome-zermatt.ch\/fr\/#\/schema\/logo\/image\/","url":"https:\/\/welcome-zermatt.ch\/wp-content\/uploads\/2023\/05\/logo.png","contentUrl":"https:\/\/welcome-zermatt.ch\/wp-content\/uploads\/2023\/05\/logo.png","width":600,"height":130,"caption":"Ferienwohnung in Zermatt"},"image":{"@id":"https:\/\/welcome-zermatt.ch\/fr\/#\/schema\/logo\/image\/"}}]}},"_links":{"self":[{"href":"https:\/\/welcome-zermatt.ch\/fr\/wp-json\/wp\/v2\/pages\/727","targetHints":{"allow":["GET"]}}],"collection":[{"href":"https:\/\/welcome-zermatt.ch\/fr\/wp-json\/wp\/v2\/pages"}],"about":[{"href":"https:\/\/welcome-zermatt.ch\/fr\/wp-json\/wp\/v2\/types\/page"}],"author":[{"embeddable":true,"href":"https:\/\/welcome-zermatt.ch\/fr\/wp-json\/wp\/v2\/users\/3"}],"replies":[{"embeddable":true,"href":"https:\/\/welcome-zermatt.ch\/fr\/wp-json\/wp\/v2\/comments?post=727"}],"version-history":[{"count":2,"href":"https:\/\/welcome-zermatt.ch\/fr\/wp-json\/wp\/v2\/pages\/727\/revisions"}],"predecessor-version":[{"id":1004,"href":"https:\/\/welcome-zermatt.ch\/fr\/wp-json\/wp\/v2\/pages\/727\/revisions\/1004"}],"wp:attachment":[{"href":"https:\/\/welcome-zermatt.ch\/fr\/wp-json\/wp\/v2\/media?parent=727"}],"curies":[{"name":"wp","href":"https:\/\/api.w.org\/{rel}","templated":true}]}}